{"id":7,"date":"2023-01-21T14:16:48","date_gmt":"2023-01-21T13:16:48","guid":{"rendered":"http:\/\/qzycglh.cluster031.hosting.ovh.net\/?page_id=7"},"modified":"2023-02-17T17:13:53","modified_gmt":"2023-02-17T16:13:53","slug":"qui-sommes-nous","status":"publish","type":"page","link":"https:\/\/lesamisdemericourt.fr\/?page_id=7","title":{"rendered":"Qui sommes- nous?"},"content":{"rendered":"\n<p>L\u2019association <strong><em>Les Amis de M\u00e9ricourt<\/em><\/strong> a \u00e9t\u00e9 fond\u00e9e en 1979 par deux passionn\u00e9s d\u2019histoire, <strong>Eug\u00e8ne Monchy <\/strong>et <strong>Clotaire H\u00e9naut<\/strong>, aujourd\u2019hui d\u00e9c\u00e9d\u00e9s. Je renvoie les lecteurs \u00e0 l\u2019hommage rendu par la revue Gauheria \u00e0 Eug\u00e8ne Monchy[[<em>Gauheria n\u00b0 31 et 32 de d\u00e9cembre 1994 : M\u00e9langes Eug\u00e8ne Monchy<\/em>]].<br>En 2008, <strong>Jean-Claude H\u00e9naut<\/strong>, fils de Clotaire et <strong>G\u00e9rard Nicaisse<\/strong>, deux passionn\u00e9s d\u2019histoire et de g\u00e9n\u00e9alogie, relancent l\u2019association qui \u00e9tait en sommeil depuis la mort des fondateurs. Leur perspective \u00e9tait de \u00ab s\u2019int\u00e9resser \u00e0 l\u2019histoire locale des populations de l\u2019\u00e9poque contemporaine en s\u2019appuyant sur des t\u00e9moignages de M\u00e9ricourtois(e)s en y associant la g\u00e9n\u00e9alogie. A la fois pour lier l\u2019histoire \u00e0 la g\u00e9n\u00e9alogie par rapport aux gens et pour aider les personnes qui font des recherches dans ce domaine \u00bb.<br>L\u2019association r\u00e9alise des balades cont\u00e9es, des expositions, des publications, intervient dans les \u00e9coles et aide toujours \u00e0 de nombreuses recherches g\u00e9n\u00e9alogiques.<br>Malgr\u00e9 la bonne volont\u00e9 de quelques adh\u00e9rents, l\u2019association manque de visibilit\u00e9, d\u2019o\u00f9 la naissance de ce blog[[<em>Jean-Claude H\u00e9naut a anim\u00e9 seul un blog (<a href=\"https:\/\/amismericourt.blogspot.com\/\">amisdemericourt.blogspot.com<\/a>) jusqu\u2019\u00e0 sa mort. Nous int\u00e8grerons, bien \u00e9videmment, cet h\u00e9ritage, \u00f4 combien pr\u00e9cieux, dans notre nouveau site web.<\/em>]] qui permettra de rendre compte des travaux r\u00e9alis\u00e9s par l\u2019Association, de prendre contact pour une recherche g\u00e9n\u00e9alogique, de faire appel \u00e0 des t\u00e9moignages sur une recherche en cours, bref de tisser un lien avec toutes celles et tous ceux qui ont des attaches avec notre commune riche d\u2019un pass\u00e9 historique mais tourn\u00e9e vers l\u2019avenir.<br><br>Bonne lecture.<\/p>\n\n\n\n<p><strong><em>Les Amis de M\u00e9ricourt<\/em><\/strong><\/p>\n\n\n\n<hr class=\"wp-block-separator has-alpha-channel-opacity\"\/>\n\n\n\n<p><strong>Composition du bureau de l&rsquo;Association<\/strong>:<\/p>\n\n\n\n<p>Pr\u00e9sident : Jean Barczak <\/p>\n\n\n\n<p>Vice-Pr\u00e9sident : Alain Durand<\/p>\n\n\n\n<p>Tr\u00e9sori\u00e8re et secr\u00e9taire : Etiennette Rouvroy<\/p>\n\n\n\n<p>Au clavier du blog : Georges Cordi<\/p>\n\n\n\n<hr class=\"wp-block-separator has-alpha-channel-opacity\"\/>\n\n\n\n<p>Les statuts de l&rsquo;association sont disponibles <a href=\"https:\/\/lesamisdemericourt.fr\/?page_id=142\">ici<\/a>.<\/p>\n","protected":false},"excerpt":{"rendered":"<p>L\u2019association Les Amis de M\u00e9ricourt a \u00e9t\u00e9 fond\u00e9e en 1979 par deux passionn\u00e9s d\u2019histoire, Eug\u00e8ne Monchy et Clotaire H\u00e9naut, aujourd\u2019hui d\u00e9c\u00e9d\u00e9s. Je renvoie les lecteurs \u00e0 l\u2019hommage rendu par la revue Gauheria \u00e0 Eug\u00e8ne Monchy[[Gauheria n\u00b0 31 et 32 de d\u00e9cembre 1994 : M\u00e9langes Eug\u00e8ne Monchy]].En 2008, Jean-Claude H\u00e9naut, fils de Clotaire et G\u00e9rard Nicaisse, &hellip; <\/p>\n<p class=\"link-more\"><a href=\"https:\/\/lesamisdemericourt.fr\/?page_id=7\" class=\"more-link\">Continuer la lecture<span class=\"screen-reader-text\"> de &laquo;&nbsp;Qui sommes- nous?&nbsp;&raquo;<\/span><\/a><\/p>\n","protected":false},"author":3,"featured_media":0,"parent":0,"menu_order":0,"comment_status":"closed","ping_status":"closed","template":"","meta":{"footnotes":""},"class_list":["post-7","page","type-page","status-publish","hentry"],"_links":{"self":[{"href":"https:\/\/lesamisdemericourt.fr\/index.php?rest_route=\/wp\/v2\/pages\/7","targetHints":{"allow":["GET"]}}],"collection":[{"href":"https:\/\/lesamisdemericourt.fr\/index.php?rest_route=\/wp\/v2\/pages"}],"about":[{"href":"https:\/\/lesamisdemericourt.fr\/index.php?rest_route=\/wp\/v2\/types\/page"}],"author":[{"embeddable":true,"href":"https:\/\/lesamisdemericourt.fr\/index.php?rest_route=\/wp\/v2\/users\/3"}],"replies":[{"embeddable":true,"href":"https:\/\/lesamisdemericourt.fr\/index.php?rest_route=%2Fwp%2Fv2%2Fcomments&post=7"}],"version-history":[{"count":15,"href":"https:\/\/lesamisdemericourt.fr\/index.php?rest_route=\/wp\/v2\/pages\/7\/revisions"}],"predecessor-version":[{"id":731,"href":"https:\/\/lesamisdemericourt.fr\/index.php?rest_route=\/wp\/v2\/pages\/7\/revisions\/731"}],"wp:attachment":[{"href":"https:\/\/lesamisdemericourt.fr\/index.php?rest_route=%2Fwp%2Fv2%2Fmedia&parent=7"}],"curies":[{"name":"wp","href":"https:\/\/api.w.org\/{rel}","templated":true}]}}